{"id":755,"date":"2020-10-12T16:54:47","date_gmt":"2020-10-12T14:54:47","guid":{"rendered":"http:\/\/moniteur.ovh\/?page_id=755"},"modified":"2025-11-07T14:49:00","modified_gmt":"2025-11-07T13:49:00","slug":"liaison-rd-172-avec-rd-189","status":"publish","type":"page","link":"https:\/\/www.alternative-citoyenne.fr\/index.php\/liaison-rd-172-avec-rd-189\/","title":{"rendered":"Liaison RD 172 avec RD 189 &#8211; \u00ab Barreau de Vaugui\u00e8res \u00bb"},"content":{"rendered":"\n<p>Suite \u00e0 une r\u00e9union publique tenue le 14 octobre 2020 \u00e0 Mauguio portant sur le projet de liaison entre la RD 172 et la RD 189 en vue de la desserte de la zone de fret de l\u2019a\u00e9roport, Daniel Bourguet, alors pr\u00e9sident de la Fabrique Citoyenne, a formul\u00e9 un ensemble d&rsquo;observations concr\u00e8tes adress\u00e9es au pr\u00e9sident du d\u00e9partement que reprennent  les \u00e9lus de l&rsquo;Alternative Citoyenne. Cliquer sur le lien ci-dessous.<\/p>\n\n\n\n<p><a rel=\"noreferrer noopener\" href=\"http:\/\/moniteur.ovh\/wp-content\/uploads\/2020\/10\/barreau-concertation-1.pdf\" target=\"_blank\">Lettre au Pr\u00e9sident du conseil d\u00e9partemental de l&rsquo;H\u00e9rault<\/a><\/p>\n\n\n\n<p>Les \u00e9lus de l&rsquo;Alternative citoyenne sont intervenus \u00e0 plusieurs reprises sur ce sujet.<\/p>\n\n\n\n<p><a rel=\"noreferrer noopener\" href=\"http:\/\/moniteur.ovh\/wp-content\/uploads\/2022\/02\/Agglo-Barreau-de-Vauguieres.pdf\" target=\"_blank\">Intervention de Bertrand Coisne pendant le conseil d&rsquo;agglom\u00e9ration du 28 octobre 2021<\/a><\/p>\n\n\n\n<p><a rel=\"noreferrer noopener\" href=\"http:\/\/moniteur.ovh\/wp-content\/uploads\/2022\/02\/Article-ML-20220218-Barreau-Vauguieres.pdf\" target=\"_blank\">Article Midi-Libre sur le conseil d&rsquo;agglom\u00e9ration du 16 f\u00e9vrier 2022  <\/a><\/p>\n\n\n\n<figure class=\"wp-block-embed is-type-video is-provider-youtube wp-block-embed-youtube wp-embed-aspect-16-9 wp-has-aspect-ratio\"><div class=\"wp-block-embed__wrapper\">\n<iframe title=\"Mauguio-Carnon 2030 : Barreau de Vaugui\u00e8re\" width=\"752\" height=\"423\" src=\"https:\/\/www.youtube.com\/embed\/LisFAd1s-xs?feature=oembed\" frameborder=\"0\" allow=\"accelerometer; autoplay; clipboard-write; encrypted-media; gyroscope; picture-in-picture; web-share\" referrerpolicy=\"strict-origin-when-cross-origin\" allowfullscreen><\/iframe>\n<\/div><figcaption>Bertrnad Coisne conseiller municipal et communautaire explique le barreau de Vaugui\u00e8res<\/figcaption><\/figure>\n\n\n\n<p>Voir dossier \u00ab <a rel=\"noreferrer noopener\" href=\"https:\/\/gaucheecologie.wixsite.com\/cantondemauguio\/le-barreau-de-vauguieres\" target=\"_blank\">Le barreau de Vaugui\u00e8res <\/a>\u00bb de la campagne d\u00e9partementale 2021 :<br>\u00ab Ou comment faire DANGEREUX et CHER quand on pourrait faire S\u00dbR et PEU ON\u00c9REUX<a href=\"https:\/\/gaucheecologie.wixsite.com\/cantondemauguio\/le-barreau-de-vauguieres\" data-type=\"URL\" data-id=\"https:\/\/gaucheecologie.wixsite.com\/cantondemauguio\/le-barreau-de-vauguieres\" target=\"_blank\" rel=\"noreferrer noopener\">\u00bb<\/a><\/p>\n","protected":false},"excerpt":{"rendered":"<p>Suite \u00e0 une r\u00e9union publique tenue le 14 octobre 2020 \u00e0 Mauguio portant sur le projet de liaison entre la RD 172 et la RD 189 en vue de la desserte de la zone de fret de l\u2019a\u00e9roport, Daniel Bourguet,&hellip;<\/p>\n<p class=\"more-link-p\"><a class=\"more-link\" href=\"https:\/\/www.alternative-citoyenne.fr\/index.php\/liaison-rd-172-avec-rd-189\/\">Read more &rarr;<\/a><\/p>\n","protected":false},"author":1,"featured_media":0,"parent":0,"menu_order":0,"comment_status":"closed","ping_status":"closed","template":"","meta":[],"_links":{"self":[{"href":"https:\/\/www.alternative-citoyenne.fr\/index.php\/wp-json\/wp\/v2\/pages\/755"}],"collection":[{"href":"https:\/\/www.alternative-citoyenne.fr\/index.php\/wp-json\/wp\/v2\/pages"}],"about":[{"href":"https:\/\/www.alternative-citoyenne.fr\/index.php\/wp-json\/wp\/v2\/types\/page"}],"author":[{"embeddable":true,"href":"https:\/\/www.alternative-citoyenne.fr\/index.php\/wp-json\/wp\/v2\/users\/1"}],"replies":[{"embeddable":true,"href":"https:\/\/www.alternative-citoyenne.fr\/index.php\/wp-json\/wp\/v2\/comments?post=755"}],"version-history":[{"count":17,"href":"https:\/\/www.alternative-citoyenne.fr\/index.php\/wp-json\/wp\/v2\/pages\/755\/revisions"}],"predecessor-version":[{"id":2940,"href":"https:\/\/www.alternative-citoyenne.fr\/index.php\/wp-json\/wp\/v2\/pages\/755\/revisions\/2940"}],"wp:attachment":[{"href":"https:\/\/www.alternative-citoyenne.fr\/index.php\/wp-json\/wp\/v2\/media?parent=755"}],"curies":[{"name":"wp","href":"https:\/\/api.w.org\/{rel}","templated":true}]}}