{"id":2015,"date":"2023-05-18T18:03:33","date_gmt":"2023-05-18T16:03:33","guid":{"rendered":"http:\/\/moniteur.ovh\/?page_id=2015"},"modified":"2023-05-18T19:09:37","modified_gmt":"2023-05-18T17:09:37","slug":"pointe-de-mudaison","status":"publish","type":"page","link":"https:\/\/www.alternative-citoyenne.fr\/index.php\/pointe-de-mudaison\/","title":{"rendered":"Pointe de Mudaison"},"content":{"rendered":"\n<p>La Pointe de Mudaison est le dernier secteur class\u00e9 en zone d\u2019urbanisation future (AU bloqu\u00e9e) au PLU de la commune de Mauguio. Ce secteur est \u00e9tendu sur une superficie de 21,5 ha dont 10ha sont fl\u00e9ch\u00e9s au SCOT du Pays de l&rsquo;Or comme une zone interm\u00e9diaire \u00e0 dominante \u00e9conomique. La Pointe de Mudaison est une zone de terres agricoles, pas de friches.<\/p>\n\n\n\n<p>Nous sommes intervenus \u00e0 plusieurs reprises sur ce sujet dans les conseils municipaux.<\/p>\n\n\n\n<p><strong>Le 14 d\u00e9cembre 2020<\/strong>, il s&rsquo;agissait de voter une convention de co-ma\u00eetrise d&rsquo;ouvrage entre la commune et l&rsquo;agglom\u00e9ration du Pays de l&rsquo;Or pour la r\u00e9alisation d&rsquo;une \u00e9tude de programmation urbaine et \u00e9conomique du secteur de la Pointe de Mudaison et l&rsquo;assistance \u00e0 sa mise en \u0153uvre op\u00e9rationnelle. Nous nous sommes abstenus en attendant des informations plus pr\u00e9cises sur le projet d&rsquo;urbanisation. (Point 16)<\/p>\n\n\n\n<p> <strong>Le 4 octobre 2021<\/strong>, il s&rsquo;agissait d&rsquo;approuver un projet de convention pr\u00e9-op\u00e9rationnelle entre l\u2019\u00c9tablissement Public Foncier d&rsquo;Occitanie, la Communaut\u00e9 d&rsquo;Agglom\u00e9ration du Pays de l&rsquo;Or et la commune de Mauguio Carnon. Cette convention ayant vocation \u00e0 permettre la r\u00e9alisation des \u00e9tudes fonci\u00e8res pour identifier les p\u00e9rim\u00e8tres \u00e0 l&rsquo;int\u00e9rieur desquels une veille sanitaire s&rsquo;av\u00e8re n\u00e9cessaire, d&rsquo;analyser et, le cas \u00e9ch\u00e9ant, r\u00e9pondre aux premi\u00e8res opportunit\u00e9s fonci\u00e8res se pr\u00e9sentant et susceptibles d&rsquo;int\u00e9resser le projet, de mener les \u00e9tudes n\u00e9cessaires en vue de pr\u00e9ciser les intentions du projet. Nous nous sommes \u00e9galement abstenus car des informations plus pr\u00e9cises sur les intentions du projet ne seront connus qu&rsquo;\u00e0 la fin de l&rsquo;\u00e9tude. (Point 23)<\/p>\n\n\n\n<p><strong>Le 11 avril 2022<\/strong>, il s&rsquo;agissait d&rsquo;autoriser le Maire \u00e0 solliciter Monsieur Le Pr\u00e9fet pour le renouvellement de la zone d&rsquo;am\u00e9nagement diff\u00e9r\u00e9 d\u00e9nomm\u00e9e \u00ab\u00a0Pointe de Mudaison\u00a0\u00bb pour une dur\u00e9e de 6 ans, renouvelable \u00e0 son terme, et la d\u00e9signation de l\u2019\u00c9tablissement Public Foncier d&rsquo;Occitanie comme titulaire du droit de pr\u00e9emption applicable sur le p\u00e9rim\u00e8tre de cette ZAD. Nous avons vot\u00e9 contre cette d\u00e9lib\u00e9ration en demandant que les terres agricoles du secteur de la Pointe de Mudaison soient pr\u00e9serv\u00e9es. (Point 11)<\/p>\n\n\n\n<p><strong>Le 27 juin 2022<\/strong>, les d\u00e9lib\u00e9rations portaient sur le secteur de La Louvade et le vote ne concernait que La Louvade. Nous avons tout de m\u00eame abord\u00e9 la question de la Pointe de Mudaison car l&rsquo;agglom\u00e9ration du Pays de l&rsquo;Or et la commune de Mauguio Carnon ont d\u00e9cid\u00e9 de regrouper dans la m\u00eame \u00e9tude le secteur de La Louvade et celui de la Pointe de Mudaison. Nous avons vot\u00e9 pour cette d\u00e9lib\u00e9ration. (Point 16)<\/p>\n\n\n\n<p><strong>Le 10 octobre 2022<\/strong>, il s&rsquo;agissait d&rsquo;approuver un avenant \u00e0 la convention de co-ma\u00eetrise d&rsquo;ouvrage permettant d&rsquo;acter l&rsquo;extension du p\u00e9rim\u00e8tre initial de l&rsquo;\u00e9tude, d\u00e9fini sur le p\u00e9rim\u00e8tre de la pointe de Mudaison, au Parc d&rsquo;activit\u00e9s \u00e9conomiques de La Louvade. Nous nous sommes abstenus pour les m\u00eames raisons que pr\u00e9c\u00e9demment. (Point 15) <\/p>\n\n\n\n<p>Vous pouvez visionner et\/ou \u00e9couter les d\u00e9lib\u00e9rations, sur ce site, en s\u00e9lectionnant la date du conseil sous l&rsquo;onglet \u00ab\u00a0<strong><em>Conseils municipaux, vid\u00e9o et son<\/em><\/strong>\u00ab\u00a0. Vous pouvez \u00e9galement retrouver le d\u00e9tail des d\u00e9lib\u00e9rations sur le site de la mairie : <a rel=\"noreferrer noopener\" href=\"https:\/\/mauguio-carnon.com\/ma-ville\/municipalite\/conseils-municipaux\" target=\"_blank\">https:\/\/mauguio-carnon.com\/ma-ville\/municipalite\/conseils-municipaux<\/a><\/p>\n","protected":false},"excerpt":{"rendered":"<p>La Pointe de Mudaison est le dernier secteur class\u00e9 en zone d\u2019urbanisation future (AU bloqu\u00e9e) au PLU de la commune de Mauguio. Ce secteur est \u00e9tendu sur une superficie de 21,5 ha dont 10ha sont fl\u00e9ch\u00e9s au SCOT du Pays&hellip;<\/p>\n<p class=\"more-link-p\"><a class=\"more-link\" href=\"https:\/\/www.alternative-citoyenne.fr\/index.php\/pointe-de-mudaison\/\">Read more &rarr;<\/a><\/p>\n","protected":false},"author":2,"featured_media":0,"parent":0,"menu_order":0,"comment_status":"closed","ping_status":"closed","template":"","meta":[],"_links":{"self":[{"href":"https:\/\/www.alternative-citoyenne.fr\/index.php\/wp-json\/wp\/v2\/pages\/2015"}],"collection":[{"href":"https:\/\/www.alternative-citoyenne.fr\/index.php\/wp-json\/wp\/v2\/pages"}],"about":[{"href":"https:\/\/www.alternative-citoyenne.fr\/index.php\/wp-json\/wp\/v2\/types\/page"}],"author":[{"embeddable":true,"href":"https:\/\/www.alternative-citoyenne.fr\/index.php\/wp-json\/wp\/v2\/users\/2"}],"replies":[{"embeddable":true,"href":"https:\/\/www.alternative-citoyenne.fr\/index.php\/wp-json\/wp\/v2\/comments?post=2015"}],"version-history":[{"count":17,"href":"https:\/\/www.alternative-citoyenne.fr\/index.php\/wp-json\/wp\/v2\/pages\/2015\/revisions"}],"predecessor-version":[{"id":2041,"href":"https:\/\/www.alternative-citoyenne.fr\/index.php\/wp-json\/wp\/v2\/pages\/2015\/revisions\/2041"}],"wp:attachment":[{"href":"https:\/\/www.alternative-citoyenne.fr\/index.php\/wp-json\/wp\/v2\/media?parent=2015"}],"curies":[{"name":"wp","href":"https:\/\/api.w.org\/{rel}","templated":true}]}}