{"id":1997,"date":"2023-05-07T17:42:43","date_gmt":"2023-05-07T15:42:43","guid":{"rendered":"http:\/\/moniteur.ovh\/?page_id=1997"},"modified":"2023-10-14T10:00:43","modified_gmt":"2023-10-14T08:00:43","slug":"stationnement-payant-a-carnon","status":"publish","type":"page","link":"https:\/\/www.alternative-citoyenne.fr\/index.php\/stationnement-payant-a-carnon\/","title":{"rendered":"Stationnement payant \u00e0 Carnon : actions citoyennes"},"content":{"rendered":"\n<p>Un groupe, <strong>CARNON PARTICIPATIF<\/strong>, s&rsquo;est constitu\u00e9, ind\u00e9pendant des diff\u00e9rents groupes politiques. Il essaie de rassembler au maximum habitants, professionnels et visiteurs de Carnon.<\/p>\n\n\n\n<p>Nous vous indiquons ici :<\/p>\n\n\n\n<p>Leur adresse mail : carnon.participatif@gmail.com<\/p>\n\n\n\n<p>Le lien vers leur site internet : <a href=\"https:\/\/carnonparticipatif.com\/\" target=\"_blank\" rel=\"noreferrer noopener\">https:\/\/carnonparticipatif.com\/<\/a><\/p>\n\n\n\n<p>Le questionnaire \u00e9labor\u00e9 par eux pour la synth\u00e8se de fin de saison \u00e0 Carnon :  <\/p>\n\n\n\n<div class=\"wp-block-file\"><a href=\"http:\/\/moniteur.ovh\/wp-content\/uploads\/2023\/09\/questionnaire-de-propositions.docx\">questionnaire-de-propositions<\/a><a href=\"http:\/\/moniteur.ovh\/wp-content\/uploads\/2023\/09\/questionnaire-de-propositions.docx\" class=\"wp-block-file__button\" download>T\u00e9l\u00e9charger<\/a><\/div>\n\n\n\n<hr class=\"wp-block-separator\"\/>\n\n\n\n<p><strong>RENDEZ-VOUS LE 13 MAI 2023 DEVANT LA MAIRIE ANNEXE DE CARNON<\/strong><\/p>\n\n\n\n<p>Rendez-vous le 13 mai 2023 \u00e0 10 heures devant la mairie annexe de Carnon \u00e0 l&rsquo;appel de : GPS Carnon, Collectif Citoyens de Carnon, les professions lib\u00e9rales de sant\u00e9 de Carnon, les pharmacies de Carnon, les associations sportives, les associations culturelles.<\/p>\n\n\n\n<figure class=\"wp-block-image size-large\"><img loading=\"lazy\" width=\"1187\" height=\"868\" src=\"http:\/\/moniteur.ovh\/wp-content\/uploads\/2023\/05\/342556988_771549927952322_6258226898763587164_n-1.jpg\" alt=\"\" class=\"wp-image-1993\" srcset=\"https:\/\/www.alternative-citoyenne.fr\/wp-content\/uploads\/2023\/05\/342556988_771549927952322_6258226898763587164_n-1.jpg 1187w, https:\/\/www.alternative-citoyenne.fr\/wp-content\/uploads\/2023\/05\/342556988_771549927952322_6258226898763587164_n-1-300x219.jpg 300w, https:\/\/www.alternative-citoyenne.fr\/wp-content\/uploads\/2023\/05\/342556988_771549927952322_6258226898763587164_n-1-768x562.jpg 768w, https:\/\/www.alternative-citoyenne.fr\/wp-content\/uploads\/2023\/05\/342556988_771549927952322_6258226898763587164_n-1-560x410.jpg 560w, https:\/\/www.alternative-citoyenne.fr\/wp-content\/uploads\/2023\/05\/342556988_771549927952322_6258226898763587164_n-1-260x190.jpg 260w, https:\/\/www.alternative-citoyenne.fr\/wp-content\/uploads\/2023\/05\/342556988_771549927952322_6258226898763587164_n-1-160x117.jpg 160w\" sizes=\"(max-width: 1187px) 100vw, 1187px\" \/><\/figure>\n\n\n\n<p>Vous pouvez visualiser et\/ou \u00e9couter les interventions des \u00e9lus pendant les d\u00e9lib\u00e9rations des conseils municipaux des 13 f\u00e9vrier, 11 avril, 26 juin 2023.<\/p>\n","protected":false},"excerpt":{"rendered":"<p>Un groupe, CARNON PARTICIPATIF, s&rsquo;est constitu\u00e9, ind\u00e9pendant des diff\u00e9rents groupes politiques. Il essaie de rassembler au maximum habitants, professionnels et visiteurs de Carnon. Nous vous indiquons ici : Leur adresse mail : carnon.participatif@gmail.com Le lien vers leur site internet :&hellip;<\/p>\n<p class=\"more-link-p\"><a class=\"more-link\" href=\"https:\/\/www.alternative-citoyenne.fr\/index.php\/stationnement-payant-a-carnon\/\">Read more &rarr;<\/a><\/p>\n","protected":false},"author":2,"featured_media":0,"parent":0,"menu_order":0,"comment_status":"closed","ping_status":"closed","template":"","meta":[],"_links":{"self":[{"href":"https:\/\/www.alternative-citoyenne.fr\/index.php\/wp-json\/wp\/v2\/pages\/1997"}],"collection":[{"href":"https:\/\/www.alternative-citoyenne.fr\/index.php\/wp-json\/wp\/v2\/pages"}],"about":[{"href":"https:\/\/www.alternative-citoyenne.fr\/index.php\/wp-json\/wp\/v2\/types\/page"}],"author":[{"embeddable":true,"href":"https:\/\/www.alternative-citoyenne.fr\/index.php\/wp-json\/wp\/v2\/users\/2"}],"replies":[{"embeddable":true,"href":"https:\/\/www.alternative-citoyenne.fr\/index.php\/wp-json\/wp\/v2\/comments?post=1997"}],"version-history":[{"count":7,"href":"https:\/\/www.alternative-citoyenne.fr\/index.php\/wp-json\/wp\/v2\/pages\/1997\/revisions"}],"predecessor-version":[{"id":2279,"href":"https:\/\/www.alternative-citoyenne.fr\/index.php\/wp-json\/wp\/v2\/pages\/1997\/revisions\/2279"}],"wp:attachment":[{"href":"https:\/\/www.alternative-citoyenne.fr\/index.php\/wp-json\/wp\/v2\/media?parent=1997"}],"curies":[{"name":"wp","href":"https:\/\/api.w.org\/{rel}","templated":true}]}}