{"id":1168,"date":"2021-03-04T18:40:11","date_gmt":"2021-03-04T17:40:11","guid":{"rendered":"http:\/\/moniteur.ovh\/?page_id=1168"},"modified":"2021-03-04T18:40:11","modified_gmt":"2021-03-04T17:40:11","slug":"conseil-municipal-du-5-octobre-2020","status":"publish","type":"page","link":"https:\/\/www.alternative-citoyenne.fr\/index.php\/conseil-municipal-du-5-octobre-2020\/","title":{"rendered":"Conseil municipal du 5 octobre 2020"},"content":{"rendered":"\n<p>Ci-dessous l&rsquo;enregistrement int\u00e9gral du conseil municipal tenu le 5 octobre 2020 <\/p>\n\n\n\n<figure class=\"wp-block-audio\"><audio controls src=\"http:\/\/moniteur.ovh\/wp-content\/uploads\/2020\/10\/Conseil municipal 5 octobre.mp3\"><\/audio><\/figure>\n\n\n\n<p>Ci-dessous, quelques-unes des interventions de nos \u00e9lus de l&rsquo;Alternative Citoyenne.<\/p>\n\n\n\n<figure class=\"wp-block-audio\"><audio controls src=\"http:\/\/moniteur.ovh\/wp-content\/uploads\/2020\/12\/20201005-extrait1.mp3\"><\/audio><figcaption>Pour cette nouvelle mandature, les conseils municipaux seront-ils enregistr\u00e9s ?<\/figcaption><\/figure>\n\n\n\n<figure class=\"wp-block-audio\"><audio controls src=\"http:\/\/moniteur.ovh\/wp-content\/uploads\/2020\/12\/20201005-extrait2.mp3\"><\/audio><figcaption>A propos de la Font de Mauguio, o\u00f9 en sommes-nous sur la question des logements aid\u00e9s ?.<\/figcaption><\/figure>\n\n\n\n<figure class=\"wp-block-audio\"><audio controls src=\"http:\/\/moniteur.ovh\/wp-content\/uploads\/2020\/12\/20201005-extrait3.mp3\"><\/audio><figcaption>A propos du CA de l&rsquo;Or Am\u00e9nagement et de la situation financi\u00e8re de la SPL<\/figcaption><\/figure>\n\n\n\n<figure class=\"wp-block-audio\"><audio controls src=\"http:\/\/moniteur.ovh\/wp-content\/uploads\/2020\/12\/20201005-extrait4-1.mp3\"><\/audio><figcaption>Baisse des tarifs de l&rsquo;\u00e9cole de musique gr\u00e2ce \u00e0 la mutualisation d&rsquo;un poste avec la MJC ?<\/figcaption><\/figure>\n\n\n\n<figure class=\"wp-block-audio\"><audio controls src=\"http:\/\/moniteur.ovh\/wp-content\/uploads\/2020\/12\/20201005-extrait5.mp3\"><\/audio><figcaption>Question \u00e9crite \u00e0 propos de la capitainerie.<\/figcaption><\/figure>\n\n\n\n<figure class=\"wp-block-audio\"><audio controls src=\"http:\/\/moniteur.ovh\/wp-content\/uploads\/2020\/12\/20201005-extrait6.mp3\"><\/audio><figcaption>Toujours la capitainerie : que va-t-il se passer entre la destruction et la reconstruction ?<\/figcaption><\/figure>\n\n\n\n<figure class=\"wp-block-audio\"><audio controls src=\"http:\/\/moniteur.ovh\/wp-content\/uploads\/2020\/12\/20201005-extrait7.mp3\"><\/audio><figcaption>Vente de la salle polyvalente : les associations rencontrent des difficult\u00e9s  pour se r\u00e9unir.<\/figcaption><\/figure>\n","protected":false},"excerpt":{"rendered":"<p>Ci-dessous l&rsquo;enregistrement int\u00e9gral du conseil municipal tenu le 5 octobre 2020 Ci-dessous, quelques-unes des interventions de nos \u00e9lus de l&rsquo;Alternative Citoyenne.<\/p>\n<p class=\"more-link-p\"><a class=\"more-link\" href=\"https:\/\/www.alternative-citoyenne.fr\/index.php\/conseil-municipal-du-5-octobre-2020\/\">Read more &rarr;<\/a><\/p>\n","protected":false},"author":1,"featured_media":0,"parent":0,"menu_order":0,"comment_status":"closed","ping_status":"closed","template":"","meta":[],"_links":{"self":[{"href":"https:\/\/www.alternative-citoyenne.fr\/index.php\/wp-json\/wp\/v2\/pages\/1168"}],"collection":[{"href":"https:\/\/www.alternative-citoyenne.fr\/index.php\/wp-json\/wp\/v2\/pages"}],"about":[{"href":"https:\/\/www.alternative-citoyenne.fr\/index.php\/wp-json\/wp\/v2\/types\/page"}],"author":[{"embeddable":true,"href":"https:\/\/www.alternative-citoyenne.fr\/index.php\/wp-json\/wp\/v2\/users\/1"}],"replies":[{"embeddable":true,"href":"https:\/\/www.alternative-citoyenne.fr\/index.php\/wp-json\/wp\/v2\/comments?post=1168"}],"version-history":[{"count":1,"href":"https:\/\/www.alternative-citoyenne.fr\/index.php\/wp-json\/wp\/v2\/pages\/1168\/revisions"}],"predecessor-version":[{"id":1169,"href":"https:\/\/www.alternative-citoyenne.fr\/index.php\/wp-json\/wp\/v2\/pages\/1168\/revisions\/1169"}],"wp:attachment":[{"href":"https:\/\/www.alternative-citoyenne.fr\/index.php\/wp-json\/wp\/v2\/media?parent=1168"}],"curies":[{"name":"wp","href":"https:\/\/api.w.org\/{rel}","templated":true}]}}