{"id":1112,"date":"2021-03-04T16:42:12","date_gmt":"2021-03-04T15:42:12","guid":{"rendered":"http:\/\/moniteur.ovh\/?page_id=1112"},"modified":"2021-03-04T16:42:12","modified_gmt":"2021-03-04T15:42:12","slug":"conseil-municipal-du-25-juin-2018","status":"publish","type":"page","link":"https:\/\/www.alternative-citoyenne.fr\/index.php\/conseil-municipal-du-25-juin-2018\/","title":{"rendered":"Conseil municipal du 25 juin 2018"},"content":{"rendered":"\n<p>Ci-dessous l&rsquo;enregistrement int\u00e9gral du conseil municipal du 25 juin 2018.<br>En d\u00e9but de conseil (vers 11 minutes 22s sur l&rsquo;enregistrement), Monsieur le Maire met en cause dans un propos tr\u00e8s g\u00e9n\u00e9ral le comportement non \u00e9thique d&rsquo;\u00e9lus, se contentant de dire que \u00ab\u00a0chacun se sera reconnu\u00a0\u00bb. Curieuse fa\u00e7on de proc\u00e9der qui fait porter le soup\u00e7on sur tous les \u00e9lus du conseil municipal, majorit\u00e9 et opposition comprises. Pour leur part, les \u00e9lus de la Fabrique Citoyenne ne se sont aucunement \u00ab\u00a0reconnus\u00a0\u00bb dans les accusations anonymes du Maire.<\/p>\n\n\n\n<figure class=\"wp-block-audio\"><audio controls src=\"http:\/\/lafabriquecitoyennedupaysdelor.com\/wp-content\/uploads\/2018\/06\/180625-182048-1.mp3\"><\/audio><\/figure>\n","protected":false},"excerpt":{"rendered":"<p>Ci-dessous l&rsquo;enregistrement int\u00e9gral du conseil municipal du 25 juin 2018.En d\u00e9but de conseil (vers 11 minutes 22s sur l&rsquo;enregistrement), Monsieur le Maire met en cause dans un propos tr\u00e8s g\u00e9n\u00e9ral le comportement non \u00e9thique d&rsquo;\u00e9lus, se contentant de dire que&hellip;<\/p>\n<p class=\"more-link-p\"><a class=\"more-link\" href=\"https:\/\/www.alternative-citoyenne.fr\/index.php\/conseil-municipal-du-25-juin-2018\/\">Read more &rarr;<\/a><\/p>\n","protected":false},"author":1,"featured_media":0,"parent":0,"menu_order":0,"comment_status":"closed","ping_status":"closed","template":"","meta":[],"_links":{"self":[{"href":"https:\/\/www.alternative-citoyenne.fr\/index.php\/wp-json\/wp\/v2\/pages\/1112"}],"collection":[{"href":"https:\/\/www.alternative-citoyenne.fr\/index.php\/wp-json\/wp\/v2\/pages"}],"about":[{"href":"https:\/\/www.alternative-citoyenne.fr\/index.php\/wp-json\/wp\/v2\/types\/page"}],"author":[{"embeddable":true,"href":"https:\/\/www.alternative-citoyenne.fr\/index.php\/wp-json\/wp\/v2\/users\/1"}],"replies":[{"embeddable":true,"href":"https:\/\/www.alternative-citoyenne.fr\/index.php\/wp-json\/wp\/v2\/comments?post=1112"}],"version-history":[{"count":1,"href":"https:\/\/www.alternative-citoyenne.fr\/index.php\/wp-json\/wp\/v2\/pages\/1112\/revisions"}],"predecessor-version":[{"id":1113,"href":"https:\/\/www.alternative-citoyenne.fr\/index.php\/wp-json\/wp\/v2\/pages\/1112\/revisions\/1113"}],"wp:attachment":[{"href":"https:\/\/www.alternative-citoyenne.fr\/index.php\/wp-json\/wp\/v2\/media?parent=1112"}],"curies":[{"name":"wp","href":"https:\/\/api.w.org\/{rel}","templated":true}]}}