{"id":1096,"date":"2021-03-04T16:13:33","date_gmt":"2021-03-04T15:13:33","guid":{"rendered":"http:\/\/moniteur.ovh\/?page_id=1096"},"modified":"2021-03-04T16:13:33","modified_gmt":"2021-03-04T15:13:33","slug":"conseil-municipal-du-24-juin-2019","status":"publish","type":"page","link":"https:\/\/www.alternative-citoyenne.fr\/index.php\/conseil-municipal-du-24-juin-2019\/","title":{"rendered":"Conseil municipal du 24 juin 2019"},"content":{"rendered":"\n<div class=\"wp-block-image\"><figure class=\"alignleft\"><img src=\"http:\/\/lafabriquecitoyennedupaysdelor.com\/wp-content\/uploads\/2019\/06\/Conseil-Carnon-r\u00e9duite-1024x444.jpg\" alt=\"\" class=\"wp-image-7198\"\/><\/figure><\/div>\n\n\n\n<p><br>Enregistrement int\u00e9gral du conseil municipal (des extraits seront publi\u00e9s dans les jours \u00e0 venir)<br><\/p>\n\n\n\n<figure class=\"wp-block-audio\"><audio controls src=\"http:\/\/lafabriquecitoyennedupaysdelor.com\/wp-content\/uploads\/2019\/06\/Conseil municipal du 24 juin 2019 B.mp3\"><\/audio><\/figure>\n","protected":false},"excerpt":{"rendered":"<p>Enregistrement int\u00e9gral du conseil municipal (des extraits seront publi\u00e9s dans les jours \u00e0 venir)<\/p>\n<p class=\"more-link-p\"><a class=\"more-link\" href=\"https:\/\/www.alternative-citoyenne.fr\/index.php\/conseil-municipal-du-24-juin-2019\/\">Read more &rarr;<\/a><\/p>\n","protected":false},"author":1,"featured_media":0,"parent":0,"menu_order":0,"comment_status":"closed","ping_status":"closed","template":"","meta":[],"_links":{"self":[{"href":"https:\/\/www.alternative-citoyenne.fr\/index.php\/wp-json\/wp\/v2\/pages\/1096"}],"collection":[{"href":"https:\/\/www.alternative-citoyenne.fr\/index.php\/wp-json\/wp\/v2\/pages"}],"about":[{"href":"https:\/\/www.alternative-citoyenne.fr\/index.php\/wp-json\/wp\/v2\/types\/page"}],"author":[{"embeddable":true,"href":"https:\/\/www.alternative-citoyenne.fr\/index.php\/wp-json\/wp\/v2\/users\/1"}],"replies":[{"embeddable":true,"href":"https:\/\/www.alternative-citoyenne.fr\/index.php\/wp-json\/wp\/v2\/comments?post=1096"}],"version-history":[{"count":1,"href":"https:\/\/www.alternative-citoyenne.fr\/index.php\/wp-json\/wp\/v2\/pages\/1096\/revisions"}],"predecessor-version":[{"id":1097,"href":"https:\/\/www.alternative-citoyenne.fr\/index.php\/wp-json\/wp\/v2\/pages\/1096\/revisions\/1097"}],"wp:attachment":[{"href":"https:\/\/www.alternative-citoyenne.fr\/index.php\/wp-json\/wp\/v2\/media?parent=1096"}],"curies":[{"name":"wp","href":"https:\/\/api.w.org\/{rel}","templated":true}]}}